{"id":5172,"date":"2022-02-27T11:56:17","date_gmt":"2022-02-27T11:56:17","guid":{"rendered":"https:\/\/casaledeldrago.com\/?page_id=5172"},"modified":"2022-02-27T11:57:33","modified_gmt":"2022-02-27T11:57:33","slug":"condizioni-generali-di-vendita","status":"publish","type":"page","link":"https:\/\/casaledeldrago.com\/index.php\/condizioni-generali-di-vendita\/","title":{"rendered":"CONDIZIONI GENERALI DI VENDITA"},"content":{"rendered":"\t\t<div data-elementor-type=\"wp-page\" data-elementor-id=\"5172\" class=\"elementor elementor-5172\" data-elementor-post-type=\"page\">\n\t\t\t\t\t\t<section class=\"elementor-section elementor-top-section elementor-element elementor-element-60d4caf elementor-section-boxed elementor-section-height-default elementor-section-height-default\" data-id=\"60d4caf\" data-element_type=\"section\" data-e-type=\"section\">\n\t\t\t\t\t\t<div class=\"elementor-container elementor-column-gap-default\">\n\t\t\t\t\t<div class=\"elementor-column elementor-col-100 elementor-top-column elementor-element elementor-element-b165685\" data-id=\"b165685\" data-element_type=\"column\" data-e-type=\"column\">\n\t\t\t<div class=\"elementor-widget-wrap elementor-element-populated\">\n\t\t\t\t\t\t<div class=\"elementor-element elementor-element-be753e4 elementor-widget elementor-widget-heading\" data-id=\"be753e4\" data-element_type=\"widget\" data-e-type=\"widget\" data-widget_type=\"heading.default\">\n\t\t\t\t<div class=\"elementor-widget-container\">\n\t\t\t\t\t<h2 class=\"elementor-heading-title elementor-size-default\">CONDIZIONI GENERALI DI VENDITA<\/h2>\t\t\t\t<\/div>\n\t\t\t\t<\/div>\n\t\t\t\t\t<\/div>\n\t\t<\/div>\n\t\t\t\t\t<\/div>\n\t\t<\/section>\n\t\t\t\t<section class=\"elementor-section elementor-top-section elementor-element elementor-element-5a07076 elementor-section-boxed elementor-section-height-default elementor-section-height-default\" data-id=\"5a07076\" data-element_type=\"section\" data-e-type=\"section\">\n\t\t\t\t\t\t<div class=\"elementor-container elementor-column-gap-default\">\n\t\t\t\t\t<div class=\"elementor-column elementor-col-100 elementor-top-column elementor-element elementor-element-b635cee\" data-id=\"b635cee\" data-element_type=\"column\" data-e-type=\"column\">\n\t\t\t<div class=\"elementor-widget-wrap elementor-element-populated\">\n\t\t\t\t\t\t<div class=\"elementor-element elementor-element-ffe8046 elementor-widget elementor-widget-text-editor\" data-id=\"ffe8046\" data-element_type=\"widget\" data-e-type=\"widget\" data-widget_type=\"text-editor.default\">\n\t\t\t\t<div class=\"elementor-widget-container\">\n\t\t\t\t\t\t\t\t\t<ol><li><strong>OGGETTO<\/strong><\/li><\/ol><p>1.1 I presenti\u00a0<strong>Termini<\/strong>\u00a0(di seguito \u201cTermini\u201d), disciplinano le modalit\u00e0 di utilizzazione del sito internet <strong>casaledeldrago.it <\/strong>a partire dall\u2019indirizzo web\u00a0<strong><a href=\"http:\/\/www.casaledeldrago.it\/\">www.casaledeldrago.it<\/a>,<\/strong>\u00a0da parte di coloro i quali intendono acquistare i prodotti venduti all\u2019interno del portale telematico e si applicano unicamente nel caso in cui la contraffazione tra l\u2019inserzionista che vende i prodotti (di seguito denominato \u201cVenditore\u201d) e l\u2019utente finale che acquista i prodotti (di seguito denominato \u201cAcquirente\u201d) avvenga all\u2019interno del Sito seguendo le procedure di acquisto indicate sul Sito stesso.<\/p><p>1.2 Il Sito offre servizi di promozione commerciale favorendo la compravendita on line di prodotti attraverso prestazioni che consentono al Venditore di promuovere e proporre in vendita i propri prodotti e all\u2019Utente di acquistare detti prodotti.\u00a0 Il Sito facilita, quindi, l\u2019incontro tra la domanda e l\u2019offerta, ma non \u00e8 parte dei contratti di compravendita dei prodotti venduti. Pertanto, rimane totalmente estraneo a detti contratti, che intercorrono solo ed esclusivamente tra Venditore e Acquirente e, debitore dei prodotti acquistati, e della relativa consegna, sar\u00e0 soltanto il Venditore, che vende i suoi prodotti alle sue condizioni generali di vendita che l\u2019Acquirente avr\u00e0 l\u2019obbligo di leggere ed accettare.\u00a0 In ogni caso, l\u2019inoltro della richiesta di acquisto implica per l\u2019Acquirente la totale conoscenza delle condizioni di vendita stabilite dal Venditore e la loro accettazione.<\/p><p>1.3 Il Venditore \u00e8, altres\u00ec, l\u2019unico ed esclusivo responsabile dei prodotti inseriti e proposti in vendita sul Sito, cos\u00ec come delle informazioni sui prodotti, quali a titolo esemplificativo e non esaustivo, caratteristiche tecniche, catalogo fotografico, modelli, misure, colori, listino prezzi, codici di vendita nonch\u00e9 ogni altra informazione o materiale pubblicitario finalizzato alla descrizione. Il Sito non \u00e8 tenuto ad effettuare alcun controllo sulla veridicit\u00e0 e correttezza delle suddette informazioni, n\u00e9 la trasmissione delle stesse sul Sito comporta alcuna approvazione di quanto immesso dal Venditore n\u00e9 tantomeno condivisione o assunzione di qualsivoglia responsabilit\u00e0 in ordine al contenuto delle stesse.<\/p><p>1.4 Il Sito non sar\u00e0 in nessun caso responsabile nei confronti dell\u2019Acquirente di quanto indicato ai precedenti punti n.ri\u00a0 2 e 3 dei presenti Termini.<\/p><p>1.5 I presenti Termini, possono essere consultati in qualsiasi momento sul Sito (<a href=\"http:\/\/www.casaledeldrago.it\/termini-condizioni-vendita\">http:\/\/www.casaledeldrago.it\/termini-condizioni-vendita<\/a>), stampati o memorizzati sul PC nel rispetto di quanto previsto dal D.Lgs. 185\/1999.<\/p><p>1.6 Detti Termini si intendono accettati se confermati spuntando il relativo check all\u2019atto di inoltro della richiesta di acquisto. In tal caso, l\u2019Acquirente riconosce espressamente che l\u2019inoltro della richiesta di acquisto implica per il medesimo la totale conoscenza ed accettazione dei presenti Termini.<\/p><p>1.7 I Termini applicabili sono quelli in vigore alla data di trasmissione dell\u2019ordine di acquisto. Essi possono essere modificati in ogni momento. Eventuali modifiche e\/o nuove condizioni saranno in vigore dal momento della loro pubblicazione sul Sito. Gli Acquirenti sono, pertanto, invitati ad accedere regolarmente al Sito per verificare la presenza di eventuali modifiche e\/o aggiornamenti dei Termini.<\/p><p>1.8 Qualora <strong>casaledeldrago.it<\/strong> ritenesse, a suo insindacabile giudizio, che l\u2019Acquirente abbia violato le regole di utilizzazione del Sito e le procedure di acquisto ovvero abbia compiuto azioni che possano comportare problemi per il Sito, quest\u2019ultimo potr\u00e0 limitare, sospendere o cancellare l\u2019account dell\u2019Acquirente medesimo, riservandosi, inoltre, il diritto di cancellare account non confermati e inattivi da tempo.<\/p><ol start=\"2\"><li><strong> UTILIZZO DEL SITO DA PARTE DELL\u2019ACQUIRENTE<\/strong><\/li><\/ol><p>2.1 L\u2019utilizzo del Sito e dei servizi ivi forniti \u00e8 consentito esclusivamente a coloro che abbiano compiuto gli anni diciotto, a coloro che abbiano la capacit\u00e0 di agire ovvero a coloro ai quali non sia stato temporaneamente o definitivamente sospesa l\u2019utilizzazione del Sito.<\/p><ul><li>All\u2019Acquirente \u00e8 fatto divieto di:<\/li><\/ul><p>&#8211; trasferire l\u2019account e l\u2019ID utente ad altri;<\/p><p>&#8211; pubblicare dati falsi, inesatti, fuorvianti, diffamatori o calunniosi anche relativamente alle informazioni personali;<\/p><p>&#8211; intraprendere azioni volte a destabilizzare il sistema di Feedback come ad esempio visualizzare, importare o esportare informazioni sui commenti di feedback al di fuori del Sito oppure utilizzarli per scopi non strettamente pertinenti con il Sito;<\/p><p>&#8211; diffondere virus o qualsiasi altra tecnologia volta a danneggiare il Sito o comunque il suo corretto funzionamento.<\/p><p>2.3 L\u2019acquisto dei prodotti sul Sito \u00e8 consentito sia ad Acquirenti che rivestano la qualit\u00e0 di consumatori sia ad Acquirenti che non rivestano tale qualit\u00e0. Ai sensi dell\u2019art. 3, I comma, lett. a) del Codice del Consumo, \u00e8 consumatore la persona fisica che agisce per scopi estranei all\u2019attivit\u00e0 imprenditoriale, commerciali, professionale o artigianale eventualmente svolta.<\/p><p>2.4 L\u2019acquisto dei prodotti sul Sito avviene previa registrazione al Sito. La registrazione \u00e8 gratuita. Per registrarsi al Sito, l\u2019Acquirente deve compilare l\u2019apposito modulo presente sul Sito stesso.<\/p><ul><li>La registrazione consente all\u2019Acquirente di effettuare le seguenti attivit\u00e0:<\/li><\/ul><ul><li>consultare online lo stato del proprio ordine e verificare lo \u201cstorico\u201d degli ordini effettuati, in particolare \u00e8 possibile verificare il dettaglio completo dell\u2019ordine, incluso il dettaglio prodotti, l\u2019indirizzo di spedizione e l\u2019indirizzo di fatturazione;<\/li><li>seguire il tracking della spedizione direttamente dallo storico degli ordini;<\/li><li>ricevere offerte di prodotti;<\/li><li>gestire le informazioni relative al proprio profilo personale (in particolare \u00e8 possibile modificare la password di accesso all\u2019area riservata);<\/li><li>modificare i dati relativi all\u2019indirizzo di spedizione o di fatturazione;<\/li><li>modificare lo stato della propria iscrizione alla Newsletter.<\/li><\/ul><p>2.6 L\u2019Acquirente garantisce che le informazioni personali fornite durante la procedura di registrazione al Sito sono complete e veritiere e si impegna a tenere il Sito indenne e manlevato da qualsiasi danno, obbligo risarcitorio e\/o sanzione derivante e\/o in qualsiasi modo collegata alla violazione delle regole di registrazione al Sito o della conservazione delle credenziali di registrazione.<\/p><ul><li>ll Sito \u00e8 riservato alla vendita al dettaglio. Non potranno in nessun caso effettuare acquisti sul Sito rivenditori, grossisti o, in genere, tutti coloro che intendano acquistare i prodotti a scopo di successiva rivendita.<\/li><\/ul><p><strong>3 MODALITA\u2019 DI ACQUISTO SUL SITO<\/strong><\/p><p>3.1 Per poter acquistare l\u2019Acquirente registrato dovr\u00e0 aver letto le condizioni di vendita specificate dal Venditore del prodotto, seguire le indicazioni ivi riportate compilando l\u2019apposito modulo d\u2019ordine per l\u2019acquisto on line seguendo le istruzioni che via via compariranno e successivamente confermare i presenti Termini del Sito prima d\u2019inviare l\u2019ordine tramite l\u2019apposito pulsante.<\/p><p>3.2 L\u2019acquisto si effettua dopo aver compilato tutti i dati richiesti dalla procedura di acquisto. La corretta ricezione dell\u2019ordine \u00e8 confermata mediante l\u2019inoltro di una e-mail all\u2019indirizzo di posta elettronica comunicato dall\u2019Acquirente.<\/p><p>3.3 Nella e-mail di conferma ordine, l\u2019Acquirente trover\u00e0 il riepilogo di tutti i dati inseriti nell\u2019ordine dall\u2019Acquirente nonch\u00e9 il numero d\u2019ordine.<\/p><p>3.4 L\u2019Acquirente che ha effettuato l\u2019acquisto potr\u00e0 accedere alla propria area riservata e verificarne lo stato tramite la sezione \u201cAccount\u201d del Sito, posto nella barra in alto.<\/p><p>3.5 Nel caso di violazione dei divieti contenuti nell\u2019articolo corrente, <strong>casaledeldrago.it<\/strong> si riserva il diritto di intraprendere tutte le azioni necessarie a far cessare le irregolarit\u00e0, comprese la sospensione dell\u2019accesso al Sito, la cancellazione dell\u2019account ovvero la non accettazione o la cancellazione degli ordini.<\/p><ol start=\"4\"><li><strong>RESPONSABILITA\u2019 NEI CONFRONTI DELL\u2019ACQUIRENTE<\/strong><\/li><\/ol><p>4.1 In qualit\u00e0 di titolare della piattaforma telematica di commercio elettronico, il Sito facilita l\u2019incontro tra l\u2019offerta e domanda e, quindi, tra il Venditore del prodotto e l\u2019Acquirente, ma non \u00e8 parte dei contratti di compravendita. Il Sito \u00e8 totalmente estraneo a detti contratti che intercorrono solo ed esclusivamente tra Venditore e Acquirente. Il Sito non assume alcuna responsabilit\u00e0 relativamente a detti contratti e alla loro corretta esecuzione. Il Venditore \u00e8 l\u2019unico responsabile nei confronti dell\u2019Acquirente per ogni informazione relativa alla descrizione e all\u2019illustrazione dei Prodotti e, comunque, di tutto ci\u00f2 che attiene alla vendita del prodotto, ivi inclusa, a titolo esemplificativo e non esaustivo, l\u2019acquisizione e il disbrigo degli ordini, le modalit\u00e0 di pagamento, la spedizione e gli eventuali costi, la fatturazione, la garanzia dei prodotti, l\u2019esercizio del diritto di recesso, le modalit\u00e0 di reso e sostituzione dei prodotti, l\u2019assistenza cliente, cos\u00ec come la gestione di qualsiasi problema o controversia con l\u2019Acquirente.<\/p><p>4.2 Il Sito, non \u00e8, altres\u00ec, in alcun modo responsabile nei confronti dell\u2019Acquirente per la rispondenza dei prodotti alle caratteristiche descritte ed illustrate dal Venditore, cos\u00ec come, non avendo alcun ruolo nella compravendita che si svolge soltanto tra venditore e acquirente a seguito della loro attivit\u00e0 sul Sito, non ha alcun controllo o responsabilit\u00e0 in merito alla sicurezza o liceit\u00e0 dei prodotti posti in vendita.<\/p><ol start=\"5\"><li><strong>FUNZIONALITA DEL SITO E LIMITAZIONI DI RESPONSABILITA\u2019<\/strong><\/li><\/ol><p>5.1 Il Sito non pu\u00f2 essere ritenuto in nessun caso responsabile di danni di qualsiasi natura causati direttamente o indirettamente dall\u2019accesso al Sito Internet, dall\u2019incapacit\u00e0 o impossibilit\u00e0 di accedervi, dall\u2019affidamento alle informazioni in esso contenute o dal loro impiego.<\/p><p>5.2 CASALE DEL DRAGO gestore di <strong>casaledeldrago.it<\/strong> si riserva il diritto di apportare, senza preavviso alcuno, modifiche di carattere tecnico ed estetico al Sito, ovvero di limitare o cessare l\u2019entit\u00e0 e le funzionalit\u00e0 in qualsiasi momento.<\/p><p>5.3 Bench\u00e9 sia cura del Sito offrire i suoi servizi senza problemi o guasti tecnici, l\u2019utilizzo del Sito potr\u00e0 sempre essere sospeso a causa di lavori di manutenzione, aggiornamenti, nuovi sviluppi, ecc.\u00a0 In tali ipotesi, il Sito non assume alcuna responsabilit\u00e0 per la indisponibilit\u00e0 del servizio, guasti tecnici o perdita di dati.<\/p><p>5.4 Il Sito pu\u00f2 contenere dei link ad altri siti (siti web di terze parti). Questi collegamenti sono forniti esclusivamente per la promozione delle vendite online dei prodotti da parte dei Venditori. Il Sito non verifica n\u00e9 avalla in alcun modo l\u2019esattezza delle informazioni contenute in detti link, e, pertanto, non assume alcuna responsabilit\u00e0 per la correttezza e completezza dei contenuti, per funzionalit\u00e0, azioni non conformi o dannose contenute nei siti indicati che rimane solo ed esclusivamente in capo al Venditore.<\/p><ol start=\"6\"><li><strong>PROPRIETA\u2019 INTELLETTUALE<\/strong><\/li><\/ol><p>6.1 La CASALE DEL DRAGO \u00e8 l\u2019esclusiva titolare del marchio e del domain name \u201c<strong>casaledeldrago.it<\/strong>\u201d e del relativo Sito e di tutti i servizi fruibili sul Sito, di ogni logo identificativo del portale telematico, nome di dominio, programma informatico, software, grafici, video, musica, foto, immagini, documentazione e caratteristiche interattive, tecnologia, URL, servizi, informazioni, banche dati ivi contenuti nonch\u00e9 di tutti i diritti di propriet\u00e0 intellettuale sugli stessi.<\/p><p>6.2 La titolarit\u00e0, i diritti di propriet\u00e0 e i diritti di propriet\u00e0 intellettuale o industriale relativi al dominio <strong>casaledeldrago.it<\/strong>, nonch\u00e9 ai contenuti accessibili tramite detto Sito e ai servizi ivi contenuti sono di propriet\u00e0 della CASALE DEL DRAGO e possono essere protetti dalle leggi su copyright, sulla tutela del marchio o da altre leggi applicabili.<\/p><ol start=\"7\"><li><strong>VALIDITA\u2019 DEI TERMINI<\/strong><\/li><\/ol><p>7.1<strong> casaledeldrago.it<\/strong> potr\u00e0 modificare in ogni momento i presenti Termini, ad esempio ai fini dell\u2019adeguamento a norme di legge. Qualora i Termini modificati non vengano accettati, l\u2019Acquirente non potr\u00e0 pi\u00f9 avvalersi dei servizi del Sito.<\/p><ol start=\"8\"><li><strong>CONTROVERSIE<\/strong><\/li><\/ol><p>8.1 L\u2019interpretazione e l\u2019attuazione delle presenti Termini del Sito \u00e8 disciplinata in via esclusiva dalla legislazione e alla giurisdizione italiana.<\/p><p>8.2 La competenza a giudicare eventuali controversie derivanti dai presenti Termini sar\u00e0 del Foro del luogo in cui il Sito ha la propria sede legale.<\/p>\t\t\t\t\t\t\t\t<\/div>\n\t\t\t\t<\/div>\n\t\t\t\t\t<\/div>\n\t\t<\/div>\n\t\t\t\t\t<\/div>\n\t\t<\/section>\n\t\t\t\t<\/div>\n\t\t","protected":false},"excerpt":{"rendered":"<p>CONDIZIONI GENERALI DI VENDITA OGGETTO 1.1 I presenti\u00a0Termini\u00a0(di seguito \u201cTermini\u201d), disciplinano le modalit\u00e0 di utilizzazione del sito internet casaledeldrago.it a partire dall\u2019indirizzo web\u00a0www.casaledeldrago.it,\u00a0da parte di coloro i quali intendono acquistare i prodotti venduti all\u2019interno del portale telematico e si applicano unicamente nel caso in cui la contraffazione tra l\u2019inserzionista che vende i prodotti (di seguito [&hellip;]<\/p>\n","protected":false},"author":2,"featured_media":0,"parent":0,"menu_order":0,"comment_status":"closed","ping_status":"closed","template":"","meta":{"_uag_custom_page_level_css":"","site-sidebar-layout":"no-sidebar","site-content-layout":"page-builder","ast-site-content-layout":"default","site-content-style":"default","site-sidebar-style":"default","ast-global-header-display":"","ast-banner-title-visibility":"","ast-main-header-display":"","ast-hfb-above-header-display":"","ast-hfb-below-header-display":"","ast-hfb-mobile-header-display":"","site-post-title":"disabled","ast-breadcrumbs-content":"","ast-featured-img":"disabled","footer-sml-layout":"","ast-disable-related-posts":"","theme-transparent-header-meta":"default","adv-header-id-meta":"","stick-header-meta":"","header-above-stick-meta":"","header-main-stick-meta":"","header-below-stick-meta":"","astra-migrate-meta-layouts":"default","ast-page-background-enabled":"default","ast-page-background-meta":{"desktop":{"background-color":"","background-image":"","background-repeat":"repeat","background-position":"center center","background-size":"auto","background-attachment":"scroll","background-type":"","background-media":"","overlay-type":"","overlay-color":"","overlay-opacity":"","overlay-gradient":""},"tablet":{"background-color":"","background-image":"","background-repeat":"repeat","background-position":"center center","background-size":"auto","background-attachment":"scroll","background-type":"","background-media":"","overlay-type":"","overlay-color":"","overlay-opacity":"","overlay-gradient":""},"mobile":{"background-color":"","background-image":"","background-repeat":"repeat","background-position":"center center","background-size":"auto","background-attachment":"scroll","background-type":"","background-media":"","overlay-type":"","overlay-color":"","overlay-opacity":"","overlay-gradient":""}},"ast-content-background-meta":{"desktop":{"background-color":"var(--ast-global-color-5)","background-image":"","background-repeat":"repeat","background-position":"center center","background-size":"auto","background-attachment":"scroll","background-type":"","background-media":"","overlay-type":"","overlay-color":"","overlay-opacity":"","overlay-gradient":""},"tablet":{"background-color":"var(--ast-global-color-5)","background-image":"","background-repeat":"repeat","background-position":"center center","background-size":"auto","background-attachment":"scroll","background-type":"","background-media":"","overlay-type":"","overlay-color":"","overlay-opacity":"","overlay-gradient":""},"mobile":{"background-color":"var(--ast-global-color-5)","background-image":"","background-repeat":"repeat","background-position":"center center","background-size":"auto","background-attachment":"scroll","background-type":"","background-media":"","overlay-type":"","overlay-color":"","overlay-opacity":"","overlay-gradient":""}},"footnotes":""},"class_list":["post-5172","page","type-page","status-publish","hentry"],"uagb_featured_image_src":{"full":false,"thumbnail":false,"medium":false,"medium_large":false,"large":false,"1536x1536":false,"2048x2048":false,"woocommerce_thumbnail":false,"woocommerce_single":false,"woocommerce_gallery_thumbnail":false},"uagb_author_info":{"display_name":"admin","author_link":"https:\/\/casaledeldrago.com\/index.php\/author\/angelo\/"},"uagb_comment_info":0,"uagb_excerpt":"CONDIZIONI GENERALI DI VENDITA OGGETTO 1.1 I presenti\u00a0Termini\u00a0(di seguito \u201cTermini\u201d), disciplinano le modalit\u00e0 di utilizzazione del sito internet casaledeldrago.it a partire dall\u2019indirizzo web\u00a0www.casaledeldrago.it,\u00a0da parte di coloro i quali intendono acquistare i prodotti venduti all\u2019interno del portale telematico e si applicano unicamente nel caso in cui la contraffazione tra l\u2019inserzionista che vende i prodotti (di seguito&hellip;","_links":{"self":[{"href":"https:\/\/casaledeldrago.com\/index.php\/wp-json\/wp\/v2\/pages\/5172","targetHints":{"allow":["GET"]}}],"collection":[{"href":"https:\/\/casaledeldrago.com\/index.php\/wp-json\/wp\/v2\/pages"}],"about":[{"href":"https:\/\/casaledeldrago.com\/index.php\/wp-json\/wp\/v2\/types\/page"}],"author":[{"embeddable":true,"href":"https:\/\/casaledeldrago.com\/index.php\/wp-json\/wp\/v2\/users\/2"}],"replies":[{"embeddable":true,"href":"https:\/\/casaledeldrago.com\/index.php\/wp-json\/wp\/v2\/comments?post=5172"}],"version-history":[{"count":7,"href":"https:\/\/casaledeldrago.com\/index.php\/wp-json\/wp\/v2\/pages\/5172\/revisions"}],"predecessor-version":[{"id":5179,"href":"https:\/\/casaledeldrago.com\/index.php\/wp-json\/wp\/v2\/pages\/5172\/revisions\/5179"}],"wp:attachment":[{"href":"https:\/\/casaledeldrago.com\/index.php\/wp-json\/wp\/v2\/media?parent=5172"}],"curies":[{"name":"wp","href":"https:\/\/api.w.org\/{rel}","templated":true}]}}