{"id":2394,"date":"2021-04-23T20:38:56","date_gmt":"2021-04-23T20:38:56","guid":{"rendered":"https:\/\/www.ortodinonnonino.it\/?page_id=2394"},"modified":"2022-02-27T11:41:54","modified_gmt":"2022-02-27T11:41:54","slug":"elementor-2394","status":"publish","type":"page","link":"https:\/\/casaledeldrago.com\/index.php\/elementor-2394\/","title":{"rendered":"INFORMATIVA"},"content":{"rendered":"\t\t<div data-elementor-type=\"wp-page\" data-elementor-id=\"2394\" class=\"elementor elementor-2394\" data-elementor-post-type=\"page\">\n\t\t\t\t\t\t<section class=\"elementor-section elementor-top-section elementor-element elementor-element-60d4caf elementor-section-boxed elementor-section-height-default elementor-section-height-default\" data-id=\"60d4caf\" data-element_type=\"section\" data-e-type=\"section\">\n\t\t\t\t\t\t<div class=\"elementor-container elementor-column-gap-default\">\n\t\t\t\t\t<div class=\"elementor-column elementor-col-100 elementor-top-column elementor-element elementor-element-b165685\" data-id=\"b165685\" data-element_type=\"column\" data-e-type=\"column\">\n\t\t\t<div class=\"elementor-widget-wrap elementor-element-populated\">\n\t\t\t\t\t\t<div class=\"elementor-element elementor-element-be753e4 elementor-widget elementor-widget-heading\" data-id=\"be753e4\" data-element_type=\"widget\" data-e-type=\"widget\" data-widget_type=\"heading.default\">\n\t\t\t\t<div class=\"elementor-widget-container\">\n\t\t\t\t\t<h2 class=\"elementor-heading-title elementor-size-default\">INFORMATIVA<\/h2>\t\t\t\t<\/div>\n\t\t\t\t<\/div>\n\t\t\t\t\t<\/div>\n\t\t<\/div>\n\t\t\t\t\t<\/div>\n\t\t<\/section>\n\t\t\t\t<section class=\"elementor-section elementor-top-section elementor-element elementor-element-5a07076 elementor-section-boxed elementor-section-height-default elementor-section-height-default\" data-id=\"5a07076\" data-element_type=\"section\" data-e-type=\"section\">\n\t\t\t\t\t\t<div class=\"elementor-container elementor-column-gap-default\">\n\t\t\t\t\t<div class=\"elementor-column elementor-col-100 elementor-top-column elementor-element elementor-element-b635cee\" data-id=\"b635cee\" data-element_type=\"column\" data-e-type=\"column\">\n\t\t\t<div class=\"elementor-widget-wrap elementor-element-populated\">\n\t\t\t\t\t\t<div class=\"elementor-element elementor-element-ffe8046 elementor-widget elementor-widget-text-editor\" data-id=\"ffe8046\" data-element_type=\"widget\" data-e-type=\"widget\" data-widget_type=\"text-editor.default\">\n\t\t\t\t<div class=\"elementor-widget-container\">\n\t\t\t\t\t\t\t\t\t<h4>Chi siamo e cosa facciamo dei tuoi dati personali?<\/h4><p>Casale del Drago d\u2019ora innanzi Titolare del trattamento, tutela la riservatezza dei tuoi dati personali e garantisce ad essi la protezione necessaria da ogni evento che possa metterli a rischio di violazione.<br \/>Il Titolare mette in pratica a tal fine policy e prassi aventi riguardo alla raccolta e all\u2019utilizzo dei dati personali e all\u2019esercizio dei diritti che ti sono riconosciuti dalla normativa applicabile. Il Titolare ha cura di aggiornare le policy e le prassi adottate per la protezione dei dati personali ogni volta che ci\u00f2 si renda necessario e comunque in caso di modifiche normative e organizzative che possano incidere sui trattamenti dei tuoi dati personali.<br \/>Il Titolare ha nominato un Data Protection Officer (DPO) che puoi contattare se hai domande sulle policy e le prassi adottate. I dati di contatto del responsabile della protezione dei dati sono i seguenti:\u00a0<\/p><p>CASALE DEL DRAGO di Cammarata Ligotino Luca<\/p><p>Via G. Streva, 27 90034 Corleone (PA)<\/p><h4>Come raccoglie e tratta i tuoi dati Casale de\u00a0 Drago \u00a0?<\/h4><p>A seguito della consultazione di questo sito possono essere trattati dati relativi a persone identificate o identificabili: titolare del loro trattamento \u00e8 Casale del Drago , con sede legale in Corleone 90034, G. Streva, 27.<\/p><h4>Luogo di trattamento dei dati e finalit\u00e0 del trattamento dei medesimi<\/h4><p>\u00a0Il Titolare raccoglie e\/o riceve le informazioni che ti riguardano, quali: indirizzo IP dati personali identificativi (quali nome, cognome, indirizzo fisico e telematico) rilasciati durante la navigazione del sito www.casaledeldrago.it. Essi servono al Titolare per la gestione del sito e per dar seguito alla tua richiesta di ricevere informazioni, se da te acconsentito. La comunicazione dei tuoi dati personali avviene principalmente nei confronti di terzi e\/o destinatari la cui attivit\u00e0 \u00e8 necessaria per l\u2019espletamento delle attivit\u00e0 inerenti alle finalit\u00e0 predette, e anche per rispondere a determinati obblighi di legge. Ogni comunicazione che non risponde a tali finalit\u00e0 sar\u00e0 previamente sottoposta al tuo consenso.<br \/>I tuoi dati personali non saranno in alcun modo diffusi o divulgati verso soggetti indeterminati.<br \/>Il Titolare non trasferisce i tuoi dati personali all\u2019estero. I tuoi dati personali non saranno in alcun modo diffusi o divulgati verso soggetti indeterminati e non identificabili neanche come terzi.<br \/>Le informazioni personali che ti riguardano saranno trattate:<\/p><h5>1) Per adempiere alle richieste rivolte sul nostro sito internet (informazioni, segnalazioni)<\/h5><h5>2) Per l\u2019attivit\u00e0 di vendita on line e per le altre riportate sul nostro sito internet<\/h5><p>Il trattamento dei tuoi dati personali avviene per inviarti comunicazioni inerenti le attivit\u00e0 di cui sopra per e-mail, posta cartacea, e comunicazioni on line.<\/p><p>Il trattamento in questione pu\u00f2 essere svolto se:<\/p><ol><li>presti il tuo consenso per l\u2019utilizzo dei dati anche con riferimento alle modalit\u00e0 di comunicazione, sia tradizionali che automatizzate, con cui avviene il trattamento;<\/li><li>se non ti sei opposto al trattamento.<\/li><\/ol><h4>Che cosa succede se non fornisci i tuoi dati?<\/h4><p>\u00a0I dati personali che ti riguardano e che ti identificano sono necessari al fine dell\u2019adempimento della richiesta da te presentata attraverso la sezione \u201ccontatti\u201d e, se non forniti, rendono impossibile per il Titolare adempiere alle tue richieste.<\/p><h4>Che cosa succede se non dai il tuo consenso al trattamento dei dati personali per le finalit\u00e0 di di cui sopra proprie del Titolare?<\/h4><p>I dati personali sono trattati con strumenti automatizzati per il tempo strettamente necessario a conseguire gli scopi per cui sono stati raccolti. Specifiche misure di sicurezza sono osservate per prevenire la perdita dei dati, gli usi illeciti o non corretti ed accessi non autorizzati.<br \/>Il trattamento dei tuoi dati personali non avverr\u00e0 per tali finalit\u00e0; ci\u00f2 non comporter\u00e0 effetti per il trattamento dei tuoi dati per le finalit\u00e0 principali, n\u00e9 per quello per cui hai gi\u00e0 dato il tuo consenso, se richiesto.<br \/>Nel caso tu abbia dato autorizzazione e dovessi successivamente revocarla o opporti al trattamento per di prevenzione e comunicazioni, i tuoi dati non saranno trattati pi\u00f9 per tali attivit\u00e0, senza che ci\u00f2 comporti conseguenze o effetti pregiudizievoli.<\/p><h4>Come e per quanto tempo vengono conservati i tuoi dati?<\/h4><p>\u00a0Il trattamento dei dati che ti riguardano avviene attraverso mezzi e strumenti sia elettronici che manuali messi a disposizione dei soggetti che agiscono sotto l\u2019autorit\u00e0 del Titolare e allo scopo autorizzati e formati.<br \/>I dati personali vengono conservati, nel caso in archivi elettronici protetti mediante misure di sicurezza efficaci e adeguate a contrastare i rischi di violazione considerati dal Titolare. Per il tempo necessario all\u2019adempimento delle richieste informative e d\u2019invio di comunicazioni di tale esclusiva natura che il Titolare effettua a seguito di tua richiesta e comunque per un termine non superiore nel massimo a 5 anni, salvi i casi in cui si verifichino, eventi che comportino l\u2019intervento delle Autorit\u00e0 competenti, anche in collaborazione con i terzi\/destinatari cui \u00e8 demandata l\u2019attivit\u00e0 di sicurezza informatica dei dati del Titolare, a svolgere eventuali indagini sulle cause che hanno determinato l\u2019evento.<br \/>I dati personali trattati dal Titolare per le finalit\u00e0 di prevenzione e comunicazione saranno conservati per 24 mesi dal Titolare salvo qualora, a seguito di esercizio dei tuoi diritti, si richieda di cancellare i dati.<\/p><h4>Quali sono i tuoi diritti?<\/h4><p>\u00a0Compatibilmente con i limiti soprattutto temporali stabiliti per il trattamento dei dati personali che ti riguardano, i diritti che ti sono riconosciuti ti permettono di avere sempre il controllo dei tuoi dati. I tuoi diritti sono quelli di:<br \/>\u2013 accesso;<br \/>\u2013 rettifica;<br \/>\u2013 cancellazione;<br \/>\u2013 limitazione del trattamento;<br \/>\u2013 opposizione al trattamento;<br \/>\u2013 portabilit\u00e0.<br \/>I tuoi diritti ti sono garantiti senza oneri e formalit\u00e0 particolari per la richiesta del loro esercizio che si intende essenzialmente a titolo gratuito. Tu hai diritto:<\/p><ul><li>ad ottenere una copia, anche in formato elettronico, dei dati di cui hai chiesto l\u2019accesso. In caso dovessi richiedere ulteriori copie, il Titolare pu\u00f2 addebitarti un contributo spese ragionevole;<\/li><li>ad ottenere la cancellazione degli stessi o la limitazione del trattamento o anche l\u2019aggiornamento e la rettifica dei tuoi dati personali e che alla tua richiesta si adeguino anche i terzi\/destinatari nell\u2019eventualit\u00e0 ricevano i tuoi dati, a meno che non prevalgano motivi legittimi superiori rispetto a quelli che hanno determinato la tua richiesta (es. indagini ambientali e contenimento del rischio determinato dall\u2019emergenza gestita per loro tramite dal Titolare);<\/li><li>ad ottenere ogni comunicazione utile in merito alle attivit\u00e0 svolta a seguito dell\u2019esercizio dei tuoi diritti senza ritardo e comunque, entro un mese dalla tua richiesta, salvo proroga, motivata, fino a due mesi che ti dovr\u00e0 essere debitamente comunicata.<\/li><li>Per ogni ulteriore informazione e comunque per inviare la tua richiesta devi rivolgerti a Casale del Drago, all\u2019indirizzo aziendaagicolain@tim.it.<\/li><\/ul><h4>A chi puoi proporre reclamo?<\/h4><p>Fatta salva ogni altra azione in sede amministrativa o giudiziale, puoi presentare un reclamo all\u2019autorit\u00e0 di controllo competente ovvero a quella che svolge i suoi compiti ed esercita i suoi poteri in Italia dove hai la tua residenza abituale o lavori o se diverso nello Stato membro dove \u00e8 avvenuta la violazione del Regolamento (UE) 2016\/679.<\/p><h4>Prestazione del consenso<\/h4><p>Se hai ricevuto la presente informativa e ne hai compreso il contenuto, il Titolare ti chiede di prestare il consenso al trattamento dei tuoi dati personali.<\/p>\t\t\t\t\t\t\t\t<\/div>\n\t\t\t\t<\/div>\n\t\t\t\t\t<\/div>\n\t\t<\/div>\n\t\t\t\t\t<\/div>\n\t\t<\/section>\n\t\t\t\t<\/div>\n\t\t","protected":false},"excerpt":{"rendered":"<p>INFORMATIVA Chi siamo e cosa facciamo dei tuoi dati personali? Casale del Drago d\u2019ora innanzi Titolare del trattamento, tutela la riservatezza dei tuoi dati personali e garantisce ad essi la protezione necessaria da ogni evento che possa metterli a rischio di violazione. Il Titolare mette in pratica a tal fine policy e prassi aventi riguardo [&hellip;]<\/p>\n","protected":false},"author":2,"featured_media":0,"parent":0,"menu_order":0,"comment_status":"closed","ping_status":"closed","template":"","meta":{"_uag_custom_page_level_css":"","site-sidebar-layout":"no-sidebar","site-content-layout":"page-builder","ast-site-content-layout":"default","site-content-style":"default","site-sidebar-style":"default","ast-global-header-display":"","ast-banner-title-visibility":"","ast-main-header-display":"","ast-hfb-above-header-display":"","ast-hfb-below-header-display":"","ast-hfb-mobile-header-display":"","site-post-title":"disabled","ast-breadcrumbs-content":"","ast-featured-img":"disabled","footer-sml-layout":"","ast-disable-related-posts":"","theme-transparent-header-meta":"default","adv-header-id-meta":"","stick-header-meta":"","header-above-stick-meta":"","header-main-stick-meta":"","header-below-stick-meta":"","astra-migrate-meta-layouts":"default","ast-page-background-enabled":"default","ast-page-background-meta":{"desktop":{"background-color":"","background-image":"","background-repeat":"repeat","background-position":"center center","background-size":"auto","background-attachment":"scroll","background-type":"","background-media":"","overlay-type":"","overlay-color":"","overlay-opacity":"","overlay-gradient":""},"tablet":{"background-color":"","background-image":"","background-repeat":"repeat","background-position":"center center","background-size":"auto","background-attachment":"scroll","background-type":"","background-media":"","overlay-type":"","overlay-color":"","overlay-opacity":"","overlay-gradient":""},"mobile":{"background-color":"","background-image":"","background-repeat":"repeat","background-position":"center center","background-size":"auto","background-attachment":"scroll","background-type":"","background-media":"","overlay-type":"","overlay-color":"","overlay-opacity":"","overlay-gradient":""}},"ast-content-background-meta":{"desktop":{"background-color":"var(--ast-global-color-5)","background-image":"","background-repeat":"repeat","background-position":"center center","background-size":"auto","background-attachment":"scroll","background-type":"","background-media":"","overlay-type":"","overlay-color":"","overlay-opacity":"","overlay-gradient":""},"tablet":{"background-color":"var(--ast-global-color-5)","background-image":"","background-repeat":"repeat","background-position":"center center","background-size":"auto","background-attachment":"scroll","background-type":"","background-media":"","overlay-type":"","overlay-color":"","overlay-opacity":"","overlay-gradient":""},"mobile":{"background-color":"var(--ast-global-color-5)","background-image":"","background-repeat":"repeat","background-position":"center center","background-size":"auto","background-attachment":"scroll","background-type":"","background-media":"","overlay-type":"","overlay-color":"","overlay-opacity":"","overlay-gradient":""}},"footnotes":""},"class_list":["post-2394","page","type-page","status-publish","hentry"],"uagb_featured_image_src":{"full":false,"thumbnail":false,"medium":false,"medium_large":false,"large":false,"1536x1536":false,"2048x2048":false,"woocommerce_thumbnail":false,"woocommerce_single":false,"woocommerce_gallery_thumbnail":false},"uagb_author_info":{"display_name":"admin","author_link":"https:\/\/casaledeldrago.com\/index.php\/author\/angelo\/"},"uagb_comment_info":0,"uagb_excerpt":"INFORMATIVA Chi siamo e cosa facciamo dei tuoi dati personali? Casale del Drago d\u2019ora innanzi Titolare del trattamento, tutela la riservatezza dei tuoi dati personali e garantisce ad essi la protezione necessaria da ogni evento che possa metterli a rischio di violazione. Il Titolare mette in pratica a tal fine policy e prassi aventi riguardo&hellip;","_links":{"self":[{"href":"https:\/\/casaledeldrago.com\/index.php\/wp-json\/wp\/v2\/pages\/2394","targetHints":{"allow":["GET"]}}],"collection":[{"href":"https:\/\/casaledeldrago.com\/index.php\/wp-json\/wp\/v2\/pages"}],"about":[{"href":"https:\/\/casaledeldrago.com\/index.php\/wp-json\/wp\/v2\/types\/page"}],"author":[{"embeddable":true,"href":"https:\/\/casaledeldrago.com\/index.php\/wp-json\/wp\/v2\/users\/2"}],"replies":[{"embeddable":true,"href":"https:\/\/casaledeldrago.com\/index.php\/wp-json\/wp\/v2\/comments?post=2394"}],"version-history":[{"count":6,"href":"https:\/\/casaledeldrago.com\/index.php\/wp-json\/wp\/v2\/pages\/2394\/revisions"}],"predecessor-version":[{"id":5161,"href":"https:\/\/casaledeldrago.com\/index.php\/wp-json\/wp\/v2\/pages\/2394\/revisions\/5161"}],"wp:attachment":[{"href":"https:\/\/casaledeldrago.com\/index.php\/wp-json\/wp\/v2\/media?parent=2394"}],"curies":[{"name":"wp","href":"https:\/\/api.w.org\/{rel}","templated":true}]}}